{"id":10624,"date":"2021-08-18T16:51:58","date_gmt":"2021-08-18T20:51:58","guid":{"rendered":"https:\/\/aginova.ufms.br\/?page_id=10624"},"modified":"2026-03-12T10:42:27","modified_gmt":"2026-03-12T14:42:27","slug":"direcao","status":"publish","type":"page","link":"https:\/\/aginova.ufms.br\/en\/direcao\/","title":{"rendered":"(Portugu\u00eas do Brasil) Dire\u00e7\u00e3o"},"content":{"rendered":"\t\t<div data-elementor-type=\"wp-page\" data-elementor-id=\"10624\" class=\"elementor elementor-10624\">\n\t\t\t\t<div class=\"elementor-element elementor-element-8a598ce e-flex e-con-boxed e-con e-parent\" data-id=\"8a598ce\" data-element_type=\"container\">\n\t\t\t\t\t<div class=\"e-con-inner\">\n\t\t<div class=\"elementor-element elementor-element-690b28c e-con-full e-flex e-con e-child\" data-id=\"690b28c\" data-element_type=\"container\">\n\t\t<div class=\"elementor-element elementor-element-f2bfad3 e-con-full e-flex e-con e-child\" data-id=\"f2bfad3\" data-element_type=\"container\">\n\t\t\t\t<div class=\"elementor-element elementor-element-22d9810 elementor-widget elementor-widget-image\" data-id=\"22d9810\" data-element_type=\"widget\" data-widget_type=\"image.default\">\n\t\t\t\t<div class=\"elementor-widget-container\">\n\t\t\t\t\t\t\t\t\t\t\t\t\t\t\t<img fetchpriority=\"high\" decoding=\"async\" width=\"505\" height=\"761\" src=\"https:\/\/aginova.ufms.br\/files\/2023\/05\/prof.-joao.png\" class=\"attachment-full size-full wp-image-13424\" alt=\"\" srcset=\"https:\/\/aginova.ufms.br\/files\/2023\/05\/prof.-joao.png 505w, https:\/\/aginova.ufms.br\/files\/2023\/05\/prof.-joao-199x300.png 199w, https:\/\/aginova.ufms.br\/files\/2023\/05\/prof.-joao-212x320.png 212w\" sizes=\"(max-width: 505px) 100vw, 505px\" \/>\t\t\t\t\t\t\t\t\t\t\t\t\t\t\t<\/div>\n\t\t\t\t<\/div>\n\t\t<div class=\"elementor-element elementor-element-c3b0b3f e-flex e-con-boxed e-con e-child\" data-id=\"c3b0b3f\" data-element_type=\"container\">\n\t\t\t\t\t<div class=\"e-con-inner\">\n\t\t\t\t<div class=\"elementor-element elementor-element-6abab83 elementor-widget elementor-widget-heading\" data-id=\"6abab83\" data-element_type=\"widget\" data-widget_type=\"heading.default\">\n\t\t\t\t<div class=\"elementor-widget-container\">\n\t\t\t\t\t<h2 class=\"elementor-heading-title elementor-size-default\">Prof. Dr. Jo\u00e3o Batista Sarmento dos Santos Neto<\/h2>\t\t\t\t<\/div>\n\t\t\t\t<\/div>\n\t\t\t\t<div class=\"elementor-element elementor-element-b98f21b elementor-widget elementor-widget-heading\" data-id=\"b98f21b\" data-element_type=\"widget\" data-widget_type=\"heading.default\">\n\t\t\t\t<div class=\"elementor-widget-container\">\n\t\t\t\t\t<h2 class=\"elementor-heading-title elementor-size-default\">Professor Adjunto da Universidade Federal de Mato Grosso do Sul \u2013 UFMS. Possui gradua\u00e7\u00e3o em Engenharia de Produ\u00e7\u00e3o Agroindustrial pela Universidade Estadual do Paran\u00e1, p\u00f3s-gradua\u00e7\u00e3o lato sensu em Engenharia e Seguran\u00e7a do Trabalho pela Universidade Estadual de Maring\u00e1, mestrado em Engenharia Urbana pela Universidade Estadual de Maring\u00e1 e Doutorado em Engenharia de Produ\u00e7\u00e3o pela Universidade Federal de Pernambuco. \u00c9 um dos l\u00edderes do Grupo de pesquisa Sistemas de Informa\u00e7\u00e3o e M\u00e9todos de Apoio a Decis\u00e3o \u2013 SIMAD (UFMS). Tem experi\u00eancia nas \u00e1reas de Engenharia de Produ\u00e7\u00e3o e M\u00e9todos de Apoio \u00e0 Decis\u00e3o. Atualmente \u00e9 Assessor da Aginova \u2013 Ag\u00eancia de Internacionaliza\u00e7\u00e3o e de Inova\u00e7\u00e3o da UFMS, assessorando a\u00e7\u00f5es de articula\u00e7\u00e3o institucional para formaliza\u00e7\u00e3o de parcerias, na promo\u00e7\u00e3o do empreendedorismo, da inova\u00e7\u00e3o e da internacionaliza\u00e7\u00e3o na universidade.<\/h2>\t\t\t\t<\/div>\n\t\t\t\t<\/div>\n\t\t<div class=\"elementor-element elementor-element-a02333c e-con-full e-flex e-con e-child\" data-id=\"a02333c\" data-element_type=\"container\">\n\t\t\t\t<div class=\"elementor-element elementor-element-0731cf8 elementor-view-default elementor-widget elementor-widget-icon\" data-id=\"0731cf8\" data-element_type=\"widget\" data-widget_type=\"icon.default\">\n\t\t\t\t<div class=\"elementor-widget-container\">\n\t\t\t\t\t\t\t<div class=\"elementor-icon-wrapper\">\n\t\t\t<a class=\"elementor-icon\" href=\"http:\/\/lattes.cnpq.br\/6702747351877877\">\n\t\t\t<svg xmlns=\"http:\/\/www.w3.org\/2000\/svg\" viewBox=\"0 0 448 512\" width=\"24\" height=\"24\" fill=\"#005889\" style=\"opacity:1;\"><path d=\"M97.872 434.733c-46.338-94.949-73.906-152.29-73.906-153.713c0-2.322 2.831-2 30.672 3.46c48.965 9.614 75.126 12.326 118.735 12.342c57.697.016 104.68-9.122 141.185-27.484c19.311-9.715 30.925-18.327 40.437-29.993c11.716-14.378 15.48-24.28 15.615-40.947c.118-15.852-2.018-24.211-11.19-43.608c-3.63-7.665-6.817-16.463-7.122-19.55c-.475-4.968-.068-5.68 3.595-6.104c8.003-.948 47.507 37.403 62.055 60.241c25.076 39.386 27.111 81.993 5.884 123.195c-13.04 25.314-27.45 42.828-51.577 62.734c-40.099 33.062-86.708 56.086-151.069 74.635c-34.57 9.97-90.471 22.059-101.984 22.059c-2.44 0-7.02-8.003-21.296-37.283l-.034.015zm12.904-153.121c-45.016-5.832-82.79-10.903-83.96-11.275c-2-.644-9.155-24.516-13.191-43.947c-1.017-4.917-2.51-17.939-3.323-28.958c-3.63-49.17 7.069-83.166 35.74-113.735C94.583 31.985 198.516 25.694 315.777 67.37c20.582 7.325 28.755 12.411 24.975 15.581c-2.797 2.34-21.753 2.306-54.51-.102c-51.204-3.764-90.183 3.357-110.274 20.176c-30.588 25.602-25.924 81.724 13.53 162.682c4.273 8.766 8.58 17.345 9.563 19.09c2.29 4.019.628 7.75-3.357 7.563c-1.697-.081-39.915-4.912-84.929-10.746zm151.016-44.047c-35.928-6.46-68.227-28.74-78.654-54.222c-5.002-12.241-4.765-28.213.576-37.774c4.832-8.648 17.31-18.65 28.484-22.839c18.6-6.968 51.17-4.188 74.907 6.41c22.533 10.055 42.507 27.738 49.932 44.184c9.53 21.109 1.593 44.66-18.82 55.901c-13.531 7.443-39.827 11.326-56.443 8.341z\"><\/path><\/svg>\t\t\t<\/a>\n\t\t<\/div>\n\t\t\t\t\t\t<\/div>\n\t\t\t\t<\/div>\n\t\t\t\t<div class=\"elementor-element elementor-element-55f6862 elementor-view-default elementor-widget elementor-widget-icon\" data-id=\"55f6862\" data-element_type=\"widget\" data-widget_type=\"icon.default\">\n\t\t\t\t<div class=\"elementor-widget-container\">\n\t\t\t\t\t\t\t<div class=\"elementor-icon-wrapper\">\n\t\t\t<a class=\"elementor-icon\" href=\"mailto:joao.sarmento@ufms.br\">\n\t\t\t<svg aria-hidden=\"true\" class=\"e-font-icon-svg e-fas-mail-bulk\" viewBox=\"0 0 576 512\" xmlns=\"http:\/\/www.w3.org\/2000\/svg\"><path d=\"M160 448c-25.6 0-51.2-22.4-64-32-64-44.8-83.2-60.8-96-70.4V480c0 17.67 14.33 32 32 32h256c17.67 0 32-14.33 32-32V345.6c-12.8 9.6-32 25.6-96 70.4-12.8 9.6-38.4 32-64 32zm128-192H32c-17.67 0-32 14.33-32 32v16c25.6 19.2 22.4 19.2 115.2 86.4 9.6 6.4 28.8 25.6 44.8 25.6s35.2-19.2 44.8-22.4c92.8-67.2 89.6-67.2 115.2-86.4V288c0-17.67-14.33-32-32-32zm256-96H224c-17.67 0-32 14.33-32 32v32h96c33.21 0 60.59 25.42 63.71 57.82l.29-.22V416h192c17.67 0 32-14.33 32-32V192c0-17.67-14.33-32-32-32zm-32 128h-64v-64h64v64zm-352-96c0-35.29 28.71-64 64-64h224V32c0-17.67-14.33-32-32-32H96C78.33 0 64 14.33 64 32v192h96v-32z\"><\/path><\/svg>\t\t\t<\/a>\n\t\t<\/div>\n\t\t\t\t\t\t<\/div>\n\t\t\t\t<\/div>\n\t\t\t\t<\/div>\n\t\t\t\t\t<\/div>\n\t\t\t\t<\/div>\n\t\t\t\t<\/div>\n\t\t<div class=\"elementor-element elementor-element-13b7531 e-con-full e-flex e-con e-child\" data-id=\"13b7531\" data-element_type=\"container\">\n\t\t<div class=\"elementor-element elementor-element-adafc74 e-con-full e-flex e-con e-child\" data-id=\"adafc74\" data-element_type=\"container\">\n\t\t\t\t<div class=\"elementor-element elementor-element-5d159cf elementor-widget elementor-widget-heading\" data-id=\"5d159cf\" data-element_type=\"widget\" data-widget_type=\"heading.default\">\n\t\t\t\t<div class=\"elementor-widget-container\">\n\t\t\t\t\t<h2 class=\"elementor-heading-title elementor-size-default\">Prof\u00aa. Dra. Danieli Cristine Anversa<\/h2>\t\t\t\t<\/div>\n\t\t\t\t<\/div>\n\t\t\t\t<div class=\"elementor-element elementor-element-c67bda4 elementor-widget elementor-widget-heading\" data-id=\"c67bda4\" data-element_type=\"widget\" data-widget_type=\"heading.default\">\n\t\t\t\t<div class=\"elementor-widget-container\">\n\t\t\t\t\t<h2 class=\"elementor-heading-title elementor-size-default\">Professora Assistente da Universidade Federal de Mato Grosso do Sul \u2013 UFMS. Possui Gradua\u00e7\u00e3o em Engenharia Qu\u00edmica pela Universidade Estadual do Oeste do Paran\u00e1, especializa\u00e7\u00e3o em Engenharia Ambiental pela Universidade Estadual de Campinas, mestrado em Engenharia Qu\u00edmica pela Universidade Estadual de Campinas e doutorado em Engenharia Qu\u00edmica pela Universidade Estadual de Campinas. Tem experi\u00eancia em gest\u00e3o e execu\u00e7\u00e3o de projetos (conceitual, b\u00e1sico e detalhado) no sistema Petrobras e em gest\u00e3o de projetos de CT&amp;I. Atualmente, \u00e9 professora do Instituto de Qu\u00edmica e Assessora da Ag\u00eancia de Inova\u00e7\u00e3o (Aginova), assessorando a\u00e7\u00f5es de articula\u00e7\u00e3o institucional para formaliza\u00e7\u00e3o de parcerias, na promo\u00e7\u00e3o do empreendedorismo e da inova\u00e7\u00e3o na universidade.<\/h2>\t\t\t\t<\/div>\n\t\t\t\t<\/div>\n\t\t<div class=\"elementor-element elementor-element-ccf94ed e-con-full e-flex e-con e-child\" data-id=\"ccf94ed\" data-element_type=\"container\">\n\t\t\t\t<div class=\"elementor-element elementor-element-d3dee3a elementor-view-default elementor-widget elementor-widget-icon\" data-id=\"d3dee3a\" data-element_type=\"widget\" data-widget_type=\"icon.default\">\n\t\t\t\t<div class=\"elementor-widget-container\">\n\t\t\t\t\t\t\t<div class=\"elementor-icon-wrapper\">\n\t\t\t<a class=\"elementor-icon\" href=\"http:\/\/lattes.cnpq.br\/9653087460026404\">\n\t\t\t<svg xmlns=\"http:\/\/www.w3.org\/2000\/svg\" viewBox=\"0 0 448 512\" width=\"24\" height=\"24\" fill=\"#005889\" style=\"opacity:1;\"><path d=\"M97.872 434.733c-46.338-94.949-73.906-152.29-73.906-153.713c0-2.322 2.831-2 30.672 3.46c48.965 9.614 75.126 12.326 118.735 12.342c57.697.016 104.68-9.122 141.185-27.484c19.311-9.715 30.925-18.327 40.437-29.993c11.716-14.378 15.48-24.28 15.615-40.947c.118-15.852-2.018-24.211-11.19-43.608c-3.63-7.665-6.817-16.463-7.122-19.55c-.475-4.968-.068-5.68 3.595-6.104c8.003-.948 47.507 37.403 62.055 60.241c25.076 39.386 27.111 81.993 5.884 123.195c-13.04 25.314-27.45 42.828-51.577 62.734c-40.099 33.062-86.708 56.086-151.069 74.635c-34.57 9.97-90.471 22.059-101.984 22.059c-2.44 0-7.02-8.003-21.296-37.283l-.034.015zm12.904-153.121c-45.016-5.832-82.79-10.903-83.96-11.275c-2-.644-9.155-24.516-13.191-43.947c-1.017-4.917-2.51-17.939-3.323-28.958c-3.63-49.17 7.069-83.166 35.74-113.735C94.583 31.985 198.516 25.694 315.777 67.37c20.582 7.325 28.755 12.411 24.975 15.581c-2.797 2.34-21.753 2.306-54.51-.102c-51.204-3.764-90.183 3.357-110.274 20.176c-30.588 25.602-25.924 81.724 13.53 162.682c4.273 8.766 8.58 17.345 9.563 19.09c2.29 4.019.628 7.75-3.357 7.563c-1.697-.081-39.915-4.912-84.929-10.746zm151.016-44.047c-35.928-6.46-68.227-28.74-78.654-54.222c-5.002-12.241-4.765-28.213.576-37.774c4.832-8.648 17.31-18.65 28.484-22.839c18.6-6.968 51.17-4.188 74.907 6.41c22.533 10.055 42.507 27.738 49.932 44.184c9.53 21.109 1.593 44.66-18.82 55.901c-13.531 7.443-39.827 11.326-56.443 8.341z\"><\/path><\/svg>\t\t\t<\/a>\n\t\t<\/div>\n\t\t\t\t\t\t<\/div>\n\t\t\t\t<\/div>\n\t\t\t\t<div class=\"elementor-element elementor-element-03678ff elementor-view-default elementor-widget elementor-widget-icon\" data-id=\"03678ff\" data-element_type=\"widget\" data-widget_type=\"icon.default\">\n\t\t\t\t<div class=\"elementor-widget-container\">\n\t\t\t\t\t\t\t<div class=\"elementor-icon-wrapper\">\n\t\t\t<a class=\"elementor-icon\" href=\"mailto:danieli.anversa@ufms.br%20\">\n\t\t\t<svg aria-hidden=\"true\" class=\"e-font-icon-svg e-fas-mail-bulk\" viewBox=\"0 0 576 512\" xmlns=\"http:\/\/www.w3.org\/2000\/svg\"><path d=\"M160 448c-25.6 0-51.2-22.4-64-32-64-44.8-83.2-60.8-96-70.4V480c0 17.67 14.33 32 32 32h256c17.67 0 32-14.33 32-32V345.6c-12.8 9.6-32 25.6-96 70.4-12.8 9.6-38.4 32-64 32zm128-192H32c-17.67 0-32 14.33-32 32v16c25.6 19.2 22.4 19.2 115.2 86.4 9.6 6.4 28.8 25.6 44.8 25.6s35.2-19.2 44.8-22.4c92.8-67.2 89.6-67.2 115.2-86.4V288c0-17.67-14.33-32-32-32zm256-96H224c-17.67 0-32 14.33-32 32v32h96c33.21 0 60.59 25.42 63.71 57.82l.29-.22V416h192c17.67 0 32-14.33 32-32V192c0-17.67-14.33-32-32-32zm-32 128h-64v-64h64v64zm-352-96c0-35.29 28.71-64 64-64h224V32c0-17.67-14.33-32-32-32H96C78.33 0 64 14.33 64 32v192h96v-32z\"><\/path><\/svg>\t\t\t<\/a>\n\t\t<\/div>\n\t\t\t\t\t\t<\/div>\n\t\t\t\t<\/div>\n\t\t\t\t<\/div>\n\t\t\t\t<\/div>\n\t\t\t\t<div class=\"elementor-element elementor-element-cab6cf8 elementor-widget elementor-widget-image\" data-id=\"cab6cf8\" data-element_type=\"widget\" data-widget_type=\"image.default\">\n\t\t\t\t<div class=\"elementor-widget-container\">\n\t\t\t\t\t\t\t\t\t\t\t\t\t\t\t<img decoding=\"async\" width=\"820\" height=\"822\" src=\"https:\/\/aginova.ufms.br\/files\/2025\/05\/WhatsApp-Image-2025-05-19-at-14.46.07.jpeg\" class=\"attachment-full size-full wp-image-16002\" alt=\"\" srcset=\"https:\/\/aginova.ufms.br\/files\/2025\/05\/WhatsApp-Image-2025-05-19-at-14.46.07.jpeg 820w, https:\/\/aginova.ufms.br\/files\/2025\/05\/WhatsApp-Image-2025-05-19-at-14.46.07-300x300.jpeg 300w, https:\/\/aginova.ufms.br\/files\/2025\/05\/WhatsApp-Image-2025-05-19-at-14.46.07-150x150.jpeg 150w, https:\/\/aginova.ufms.br\/files\/2025\/05\/WhatsApp-Image-2025-05-19-at-14.46.07-768x770.jpeg 768w, https:\/\/aginova.ufms.br\/files\/2025\/05\/WhatsApp-Image-2025-05-19-at-14.46.07-319x320.jpeg 319w\" sizes=\"(max-width: 820px) 100vw, 820px\" \/>\t\t\t\t\t\t\t\t\t\t\t\t\t\t\t<\/div>\n\t\t\t\t<\/div>\n\t\t\t\t<\/div>\n\t\t\t\t<\/div>\n\t\t<div class=\"elementor-element elementor-element-ad0f469 e-con-full e-flex e-con e-child\" data-id=\"ad0f469\" data-element_type=\"container\">\n\t\t\t\t<div class=\"elementor-element elementor-element-96a2b16 elementor-widget elementor-widget-heading\" data-id=\"96a2b16\" data-element_type=\"widget\" data-widget_type=\"heading.default\">\n\t\t\t\t<div class=\"elementor-widget-container\">\n\t\t\t\t\t<h2 class=\"elementor-heading-title elementor-size-default\">Luana Palhares Ferreira<\/h2>\t\t\t\t<\/div>\n\t\t\t\t<\/div>\n\t\t\t\t<div class=\"elementor-element elementor-element-2f21e10 elementor-widget elementor-widget-heading\" data-id=\"2f21e10\" data-element_type=\"widget\" data-widget_type=\"heading.default\">\n\t\t\t\t<div class=\"elementor-widget-container\">\n\t\t\t\t\t<h2 class=\"elementor-heading-title elementor-size-default\">Assistente em Administra\u00e7\u00e3o<\/h2>\t\t\t\t<\/div>\n\t\t\t\t<\/div>\n\t\t\t\t<\/div>\n\t\t<div class=\"elementor-element elementor-element-1823821 e-con-full e-flex e-con e-child\" data-id=\"1823821\" data-element_type=\"container\">\n\t\t\t\t<div class=\"elementor-element elementor-element-ee25cea elementor-widget elementor-widget-heading\" data-id=\"ee25cea\" data-element_type=\"widget\" data-widget_type=\"heading.default\">\n\t\t\t\t<div class=\"elementor-widget-container\">\n\t\t\t\t\t<h2 class=\"elementor-heading-title elementor-size-default\">CONTATOS<\/h2>\t\t\t\t<\/div>\n\t\t\t\t<\/div>\n\t\t<div class=\"elementor-element elementor-element-14ec737 e-con-full e-flex e-con e-child\" data-id=\"14ec737\" data-element_type=\"container\">\n\t\t<div class=\"elementor-element elementor-element-1cb508d e-con-full e-flex e-con e-child\" data-id=\"1cb508d\" data-element_type=\"container\">\n\t\t\t\t<div class=\"elementor-element elementor-element-30e7b9e elementor-view-default elementor-widget elementor-widget-icon\" data-id=\"30e7b9e\" data-element_type=\"widget\" data-widget_type=\"icon.default\">\n\t\t\t\t<div class=\"elementor-widget-container\">\n\t\t\t\t\t\t\t<div class=\"elementor-icon-wrapper\">\n\t\t\t<a class=\"elementor-icon\" href=\"tel:+556733457274\">\n\t\t\t<svg aria-hidden=\"true\" class=\"e-font-icon-svg e-fas-phone-alt\" viewBox=\"0 0 512 512\" xmlns=\"http:\/\/www.w3.org\/2000\/svg\"><path d=\"M497.39 361.8l-112-48a24 24 0 0 0-28 6.9l-49.6 60.6A370.66 370.66 0 0 1 130.6 204.11l60.6-49.6a23.94 23.94 0 0 0 6.9-28l-48-112A24.16 24.16 0 0 0 122.6.61l-104 24A24 24 0 0 0 0 48c0 256.5 207.9 464 464 464a24 24 0 0 0 23.4-18.6l24-104a24.29 24.29 0 0 0-14.01-27.6z\"><\/path><\/svg>\t\t\t<\/a>\n\t\t<\/div>\n\t\t\t\t\t\t<\/div>\n\t\t\t\t<\/div>\n\t\t\t\t<div class=\"elementor-element elementor-element-db26e22 elementor-widget elementor-widget-heading\" data-id=\"db26e22\" data-element_type=\"widget\" data-widget_type=\"heading.default\">\n\t\t\t\t<div class=\"elementor-widget-container\">\n\t\t\t\t\t<h2 class=\"elementor-heading-title elementor-size-default\"><a href=\"tel:+556733457274\">(67) 3345- 7274<\/a><\/h2>\t\t\t\t<\/div>\n\t\t\t\t<\/div>\n\t\t\t\t<\/div>\n\t\t<div class=\"elementor-element elementor-element-195a414 e-con-full e-flex e-con e-child\" data-id=\"195a414\" data-element_type=\"container\">\n\t\t\t\t<div class=\"elementor-element elementor-element-4c54745 elementor-view-default elementor-widget elementor-widget-icon\" data-id=\"4c54745\" data-element_type=\"widget\" data-widget_type=\"icon.default\">\n\t\t\t\t<div class=\"elementor-widget-container\">\n\t\t\t\t\t\t\t<div class=\"elementor-icon-wrapper\">\n\t\t\t<a class=\"elementor-icon\" href=\"mailto:aginova@ufms.br\">\n\t\t\t<svg aria-hidden=\"true\" class=\"e-font-icon-svg e-fas-mail-bulk\" viewBox=\"0 0 576 512\" xmlns=\"http:\/\/www.w3.org\/2000\/svg\"><path d=\"M160 448c-25.6 0-51.2-22.4-64-32-64-44.8-83.2-60.8-96-70.4V480c0 17.67 14.33 32 32 32h256c17.67 0 32-14.33 32-32V345.6c-12.8 9.6-32 25.6-96 70.4-12.8 9.6-38.4 32-64 32zm128-192H32c-17.67 0-32 14.33-32 32v16c25.6 19.2 22.4 19.2 115.2 86.4 9.6 6.4 28.8 25.6 44.8 25.6s35.2-19.2 44.8-22.4c92.8-67.2 89.6-67.2 115.2-86.4V288c0-17.67-14.33-32-32-32zm256-96H224c-17.67 0-32 14.33-32 32v32h96c33.21 0 60.59 25.42 63.71 57.82l.29-.22V416h192c17.67 0 32-14.33 32-32V192c0-17.67-14.33-32-32-32zm-32 128h-64v-64h64v64zm-352-96c0-35.29 28.71-64 64-64h224V32c0-17.67-14.33-32-32-32H96C78.33 0 64 14.33 64 32v192h96v-32z\"><\/path><\/svg>\t\t\t<\/a>\n\t\t<\/div>\n\t\t\t\t\t\t<\/div>\n\t\t\t\t<\/div>\n\t\t\t\t<div class=\"elementor-element elementor-element-2ca76dc elementor-widget elementor-widget-heading\" data-id=\"2ca76dc\" data-element_type=\"widget\" data-widget_type=\"heading.default\">\n\t\t\t\t<div class=\"elementor-widget-container\">\n\t\t\t\t\t<h2 class=\"elementor-heading-title elementor-size-default\"><a href=\"mailto:aginova@ufms.br\">aginova@ufms.br<\/a><\/h2>\t\t\t\t<\/div>\n\t\t\t\t<\/div>\n\t\t\t\t<\/div>\n\t\t\t\t<\/div>\n\t\t\t\t<\/div>\n\t\t\t\t\t<\/div>\n\t\t\t\t<\/div>\n\t\t\t\t<\/div>\n\t\t","protected":false},"excerpt":{"rendered":"<p>Prof. Dr. Jo\u00e3o Batista Sarmento dos Santos Neto Professor Adjunto da Universidade Federal de Mato Grosso do Sul \u2013 UFMS. Possui gradua\u00e7\u00e3o em Engenharia de Produ\u00e7\u00e3o Agroindustrial pela Universidade Estadual do Paran\u00e1, p\u00f3s-gradua\u00e7\u00e3o lato sensu em Engenharia e Seguran\u00e7a do Trabalho pela Universidade Estadual de Maring\u00e1, mestrado em Engenharia Urbana pela Universidade Estadual de Maring\u00e1 [&hellip;]<\/p>\n","protected":false},"author":423,"featured_media":0,"parent":0,"menu_order":1,"comment_status":"closed","ping_status":"closed","template":"page-templates\/page-coordenadorias.php","meta":{"ngg_post_thumbnail":0,"footnotes":""},"coauthors":[262],"class_list":["post-10624","page","type-page","status-publish","hentry"],"_links":{"self":[{"href":"https:\/\/aginova.ufms.br\/en\/wp-json\/wp\/v2\/pages\/10624","targetHints":{"allow":["GET"]}}],"collection":[{"href":"https:\/\/aginova.ufms.br\/en\/wp-json\/wp\/v2\/pages"}],"about":[{"href":"https:\/\/aginova.ufms.br\/en\/wp-json\/wp\/v2\/types\/page"}],"author":[{"embeddable":true,"href":"https:\/\/aginova.ufms.br\/en\/wp-json\/wp\/v2\/users\/423"}],"replies":[{"embeddable":true,"href":"https:\/\/aginova.ufms.br\/en\/wp-json\/wp\/v2\/comments?post=10624"}],"version-history":[{"count":31,"href":"https:\/\/aginova.ufms.br\/en\/wp-json\/wp\/v2\/pages\/10624\/revisions"}],"predecessor-version":[{"id":16618,"href":"https:\/\/aginova.ufms.br\/en\/wp-json\/wp\/v2\/pages\/10624\/revisions\/16618"}],"wp:attachment":[{"href":"https:\/\/aginova.ufms.br\/en\/wp-json\/wp\/v2\/media?parent=10624"}],"wp:term":[{"taxonomy":"author","embeddable":true,"href":"https:\/\/aginova.ufms.br\/en\/wp-json\/wp\/v2\/coauthors?post=10624"}],"curies":[{"name":"wp","href":"https:\/\/api.w.org\/{rel}","templated":true}]}}