{"id":13774,"date":"2023-05-09T15:37:32","date_gmt":"2023-05-09T19:37:32","guid":{"rendered":"https:\/\/aginova.ufms.br\/?page_id=13774"},"modified":"2026-04-14T08:09:16","modified_gmt":"2026-04-14T12:09:16","slug":"legislacao-e-regulamentos","status":"publish","type":"page","link":"https:\/\/aginova.ufms.br\/en\/sobre-aginova\/unidades\/empreendedorismo-e-inovacao\/legislacao-e-regulamentos\/","title":{"rendered":"(Portugu\u00eas do Brasil) Legisla\u00e7\u00e3o e Regulamentos &#8211; Empreendedorismo"},"content":{"rendered":"<p class=\"qtranxs-available-languages-message qtranxs-available-languages-message-en\">Sorry, this entry is only available in <a href=\"https:\/\/aginova.ufms.br\/pb\/wp-json\/wp\/v2\/pages\/13774\" class=\"qtranxs-available-language-link qtranxs-available-language-link-pb\" title=\"Portugu\u00eas do Brasil\">Portugu\u00eas do Brasil<\/a>.<\/p>","protected":false},"excerpt":{"rendered":"<p>Sorry, this entry is only available in Portugu\u00eas do Brasil.<\/p>\n","protected":false},"author":34774,"featured_media":0,"parent":2546,"menu_order":0,"comment_status":"closed","ping_status":"closed","template":"page-templates\/page-coordenadorias.php","meta":{"ngg_post_thumbnail":0,"footnotes":""},"coauthors":[275],"class_list":["post-13774","page","type-page","status-publish","hentry"],"_links":{"self":[{"href":"https:\/\/aginova.ufms.br\/en\/wp-json\/wp\/v2\/pages\/13774","targetHints":{"allow":["GET"]}}],"collection":[{"href":"https:\/\/aginova.ufms.br\/en\/wp-json\/wp\/v2\/pages"}],"about":[{"href":"https:\/\/aginova.ufms.br\/en\/wp-json\/wp\/v2\/types\/page"}],"author":[{"embeddable":true,"href":"https:\/\/aginova.ufms.br\/en\/wp-json\/wp\/v2\/users\/34774"}],"replies":[{"embeddable":true,"href":"https:\/\/aginova.ufms.br\/en\/wp-json\/wp\/v2\/comments?post=13774"}],"version-history":[{"count":9,"href":"https:\/\/aginova.ufms.br\/en\/wp-json\/wp\/v2\/pages\/13774\/revisions"}],"predecessor-version":[{"id":16633,"href":"https:\/\/aginova.ufms.br\/en\/wp-json\/wp\/v2\/pages\/13774\/revisions\/16633"}],"up":[{"embeddable":true,"href":"https:\/\/aginova.ufms.br\/en\/wp-json\/wp\/v2\/pages\/2546"}],"wp:attachment":[{"href":"https:\/\/aginova.ufms.br\/en\/wp-json\/wp\/v2\/media?parent=13774"}],"wp:term":[{"taxonomy":"author","embeddable":true,"href":"https:\/\/aginova.ufms.br\/en\/wp-json\/wp\/v2\/coauthors?post=13774"}],"curies":[{"name":"wp","href":"https:\/\/api.w.org\/{rel}","templated":true}]}}