{"id":14410,"date":"2023-06-07T17:28:26","date_gmt":"2023-06-07T21:28:26","guid":{"rendered":"https:\/\/aginova.ufms.br\/?page_id=14410"},"modified":"2025-06-06T10:30:35","modified_gmt":"2025-06-06T14:30:35","slug":"avaliacao-anual-da-politica-institucional-de-inovacao","status":"publish","type":"page","link":"https:\/\/aginova.ufms.br\/en\/sobre-aginova\/avaliacao-anual-da-politica-institucional-de-inovacao\/","title":{"rendered":"(Portugu\u00eas do Brasil) Avalia\u00e7\u00e3o Anual da Pol\u00edtica Institucional de Inova\u00e7\u00e3o"},"content":{"rendered":"<p class=\"qtranxs-available-languages-message qtranxs-available-languages-message-en\">Sorry, this entry is only available in <a href=\"https:\/\/aginova.ufms.br\/pb\/wp-json\/wp\/v2\/pages\/14410\" class=\"qtranxs-available-language-link qtranxs-available-language-link-pb\" title=\"Portugu\u00eas do Brasil\">Portugu\u00eas do Brasil<\/a>.<\/p>","protected":false},"excerpt":{"rendered":"<p>Sorry, this entry is only available in Portugu\u00eas do Brasil.<\/p>\n","protected":false},"author":27433,"featured_media":0,"parent":2646,"menu_order":0,"comment_status":"closed","ping_status":"closed","template":"page-templates\/page-coordenadorias.php","meta":{"ngg_post_thumbnail":0,"footnotes":""},"coauthors":[261],"class_list":["post-14410","page","type-page","status-publish","hentry"],"_links":{"self":[{"href":"https:\/\/aginova.ufms.br\/en\/wp-json\/wp\/v2\/pages\/14410","targetHints":{"allow":["GET"]}}],"collection":[{"href":"https:\/\/aginova.ufms.br\/en\/wp-json\/wp\/v2\/pages"}],"about":[{"href":"https:\/\/aginova.ufms.br\/en\/wp-json\/wp\/v2\/types\/page"}],"author":[{"embeddable":true,"href":"https:\/\/aginova.ufms.br\/en\/wp-json\/wp\/v2\/users\/27433"}],"replies":[{"embeddable":true,"href":"https:\/\/aginova.ufms.br\/en\/wp-json\/wp\/v2\/comments?post=14410"}],"version-history":[{"count":4,"href":"https:\/\/aginova.ufms.br\/en\/wp-json\/wp\/v2\/pages\/14410\/revisions"}],"predecessor-version":[{"id":16032,"href":"https:\/\/aginova.ufms.br\/en\/wp-json\/wp\/v2\/pages\/14410\/revisions\/16032"}],"up":[{"embeddable":true,"href":"https:\/\/aginova.ufms.br\/en\/wp-json\/wp\/v2\/pages\/2646"}],"wp:attachment":[{"href":"https:\/\/aginova.ufms.br\/en\/wp-json\/wp\/v2\/media?parent=14410"}],"wp:term":[{"taxonomy":"author","embeddable":true,"href":"https:\/\/aginova.ufms.br\/en\/wp-json\/wp\/v2\/coauthors?post=14410"}],"curies":[{"name":"wp","href":"https:\/\/api.w.org\/{rel}","templated":true}]}}