{"id":1899,"date":"2015-10-01T12:08:04","date_gmt":"2015-10-01T16:08:04","guid":{"rendered":"http:\/\/inovacao.bellatrix.ufms.br\/?page_id=1899"},"modified":"2023-05-02T16:24:07","modified_gmt":"2023-05-02T20:24:07","slug":"educacao-empreendedora","status":"publish","type":"page","link":"https:\/\/aginova.ufms.br\/en\/sobre-aginova\/unidades\/empreendedorismo-e-inovacao\/educacao-empreendedora\/","title":{"rendered":"Educa\u00e7\u00e3o Empreendedora"},"content":{"rendered":"O projeto &#8220;Educa\u00e7\u00e3o Empreendedora na UFMS&#8221;, em parceria com o SEBRAE, tem como objetivo identificar\u00a0os princ\u00edpios para a constru\u00e7\u00e3o do aprendizado e do conhecimento que promova o empreendedorismo nas\u00a0Institui\u00e7\u00f5es de Ensino Superior, \u00a0elaborar e avaliar a\u00e7\u00f5es estrat\u00e9gicas para sensibilizar e promover um modelo de\u00a0empreendedorismo acad\u00eamico na Universidade Federal de Mato Grosso do Sul,\u00a0visando assim desenvolver novas pr\u00e1ticas de ensino e aprendizado por meio de\u00a0projetos voltados a novos produtos e servi\u00e7os.<\/p>\n<p>&nbsp;<\/p>\n<p>Acesse as atividades desenvolvidas pelo projeto no menu abaixo:","protected":false},"excerpt":{"rendered":"<p>O projeto &#8220;Educa\u00e7\u00e3o Empreendedora na UFMS&#8221;, em parceria com o SEBRAE, tem como objetivo identificar\u00a0os princ\u00edpios para a constru\u00e7\u00e3o do aprendizado e do conhecimento que promova o empreendedorismo nas\u00a0Institui\u00e7\u00f5es de Ensino Superior, \u00a0elaborar e avaliar a\u00e7\u00f5es estrat\u00e9gicas para sensibilizar e promover um modelo de\u00a0empreendedorismo acad\u00eamico na Universidade Federal de Mato Grosso do Sul,\u00a0visando assim desenvolver [&hellip;]<\/p>\n","protected":false},"author":2659,"featured_media":0,"parent":2546,"menu_order":0,"comment_status":"closed","ping_status":"open","template":"page-templates\/page-coordenadorias.php","meta":{"ngg_post_thumbnail":0,"footnotes":""},"coauthors":[],"class_list":["post-1899","page","type-page","status-publish","hentry"],"_links":{"self":[{"href":"https:\/\/aginova.ufms.br\/en\/wp-json\/wp\/v2\/pages\/1899","targetHints":{"allow":["GET"]}}],"collection":[{"href":"https:\/\/aginova.ufms.br\/en\/wp-json\/wp\/v2\/pages"}],"about":[{"href":"https:\/\/aginova.ufms.br\/en\/wp-json\/wp\/v2\/types\/page"}],"author":[{"embeddable":true,"href":"https:\/\/aginova.ufms.br\/en\/wp-json\/wp\/v2\/users\/2659"}],"replies":[{"embeddable":true,"href":"https:\/\/aginova.ufms.br\/en\/wp-json\/wp\/v2\/comments?post=1899"}],"version-history":[{"count":14,"href":"https:\/\/aginova.ufms.br\/en\/wp-json\/wp\/v2\/pages\/1899\/revisions"}],"predecessor-version":[{"id":13011,"href":"https:\/\/aginova.ufms.br\/en\/wp-json\/wp\/v2\/pages\/1899\/revisions\/13011"}],"up":[{"embeddable":true,"href":"https:\/\/aginova.ufms.br\/en\/wp-json\/wp\/v2\/pages\/2546"}],"wp:attachment":[{"href":"https:\/\/aginova.ufms.br\/en\/wp-json\/wp\/v2\/media?parent=1899"}],"wp:term":[{"taxonomy":"author","embeddable":true,"href":"https:\/\/aginova.ufms.br\/en\/wp-json\/wp\/v2\/coauthors?post=1899"}],"curies":[{"name":"wp","href":"https:\/\/api.w.org\/{rel}","templated":true}]}}