{"id":2646,"date":"2017-02-08T18:20:34","date_gmt":"2017-02-08T21:20:34","guid":{"rendered":"https:\/\/aginova.ufms.br\/?page_id=2646"},"modified":"2025-06-05T14:32:42","modified_gmt":"2025-06-05T18:32:42","slug":"sobre-aginova","status":"publish","type":"page","link":"https:\/\/aginova.ufms.br\/en\/sobre-aginova\/","title":{"rendered":"(Portugu\u00eas do Brasil) AGINOVA"},"content":{"rendered":"COMPET\u00caNCIAS:<br \/>\n\uf0a7 estabelecer rela\u00e7\u00f5es institucionais junto \u00e0s ag\u00eancias e outras entidades de fomento,<br \/>\nnacionais e internacionais;<br \/>\n\uf0a7 promover o interc\u00e2mbio cient\u00edfico, tecnol\u00f3gico, cultural, art\u00edstico, filos\u00f3fico,<br \/>\nempreendedor e inovador entre a Universidade e outros \u00f3rg\u00e3os nacionais e<br \/>\ninternacionais, dando apoio a docentes, pesquisadores, alunos e t\u00e9cnicos interessados;<br \/>\n\uf0a7 estabelecer conv\u00eanios, parcerias, acordos de coopera\u00e7\u00e3o e interc\u00e2mbio com institui\u00e7\u00f5es<br \/>\nde ensino, pesquisa, extens\u00e3o, inova\u00e7\u00e3o, empreendedorismo e fomento nos mais diversos<br \/>\npa\u00edses, auxiliando os corpos docente, discente e t\u00e9cnico-administrativo na busca de<br \/>\noportunidades acad\u00eamicas e de aprimoramento profissional no exterior;<br \/>\n\uf0a7 prospectar e fomentar a\u00e7\u00f5es que envolvam parcerias com institui\u00e7\u00f5es nacionais e<br \/>\ninternacionais, p\u00fablicas ou privadas, e que tenham como escopo o desenvolvimento a<br \/>\nUFMS sob a perspectiva das rela\u00e7\u00f5es internacionais, empreendedorismo, propriedade<br \/>\nintelectual, transfer\u00eancia de tecnologia e inova\u00e7\u00e3o;<br \/>\n\uf0a7 coordenar projetos e captar recursos de fomento externo;<br \/>\n\uf0a7 gerenciar os recursos financeiros destinados \u00e0s atividades da Aginova;<br \/>\n\uf0a7 acompanhar a implementa\u00e7\u00e3o ou cumprimento das orienta\u00e7\u00f5es, normatiza\u00e7\u00f5es e\/ou<br \/>\ndetermina\u00e7\u00f5es emitidas pelos \u00f3rg\u00e3os externos de fomento e demais concedentes;<br \/>\n\uf0a7 consolidar os relat\u00f3rios gerenciais; e<br \/>\n\uf0a7 desenvolver outras atividades dentro de sua \u00e1rea de atua\u00e7\u00e3o.","protected":false},"excerpt":{"rendered":"<p>COMPET\u00caNCIAS: \uf0a7 estabelecer rela\u00e7\u00f5es institucionais junto \u00e0s ag\u00eancias e outras entidades de fomento, nacionais e internacionais; \uf0a7 promover o interc\u00e2mbio cient\u00edfico, tecnol\u00f3gico, cultural, art\u00edstico, filos\u00f3fico, empreendedor e inovador entre a Universidade e outros \u00f3rg\u00e3os nacionais e internacionais, dando apoio a docentes, pesquisadores, alunos e t\u00e9cnicos interessados; \uf0a7 estabelecer conv\u00eanios, parcerias, acordos de coopera\u00e7\u00e3o e interc\u00e2mbio [&hellip;]<\/p>\n","protected":false},"author":52,"featured_media":0,"parent":0,"menu_order":0,"comment_status":"closed","ping_status":"closed","template":"page-templates\/page-coordenadorias.php","meta":{"ngg_post_thumbnail":0,"footnotes":""},"coauthors":[251],"class_list":["post-2646","page","type-page","status-publish","hentry"],"_links":{"self":[{"href":"https:\/\/aginova.ufms.br\/en\/wp-json\/wp\/v2\/pages\/2646","targetHints":{"allow":["GET"]}}],"collection":[{"href":"https:\/\/aginova.ufms.br\/en\/wp-json\/wp\/v2\/pages"}],"about":[{"href":"https:\/\/aginova.ufms.br\/en\/wp-json\/wp\/v2\/types\/page"}],"author":[{"embeddable":true,"href":"https:\/\/aginova.ufms.br\/en\/wp-json\/wp\/v2\/users\/52"}],"replies":[{"embeddable":true,"href":"https:\/\/aginova.ufms.br\/en\/wp-json\/wp\/v2\/comments?post=2646"}],"version-history":[{"count":46,"href":"https:\/\/aginova.ufms.br\/en\/wp-json\/wp\/v2\/pages\/2646\/revisions"}],"predecessor-version":[{"id":16023,"href":"https:\/\/aginova.ufms.br\/en\/wp-json\/wp\/v2\/pages\/2646\/revisions\/16023"}],"wp:attachment":[{"href":"https:\/\/aginova.ufms.br\/en\/wp-json\/wp\/v2\/media?parent=2646"}],"wp:term":[{"taxonomy":"author","embeddable":true,"href":"https:\/\/aginova.ufms.br\/en\/wp-json\/wp\/v2\/coauthors?post=2646"}],"curies":[{"name":"wp","href":"https:\/\/api.w.org\/{rel}","templated":true}]}}