{"id":3287,"date":"2017-06-19T18:50:58","date_gmt":"2017-06-19T22:50:58","guid":{"rendered":"https:\/\/aginova.ufms.br\/?page_id=3287"},"modified":"2026-04-15T13:32:38","modified_gmt":"2026-04-15T17:32:38","slug":"legislacao-ufms","status":"publish","type":"page","link":"https:\/\/aginova.ufms.br\/en\/sobre-aginova\/unidades\/sepitt\/legislacao-ufms\/","title":{"rendered":"(Portugu\u00eas do Brasil) Legisla\u00e7\u00e3o e Regulamentos &#8211; Inova\u00e7\u00e3o"},"content":{"rendered":"<p class=\"qtranxs-available-languages-message qtranxs-available-languages-message-en\">Sorry, this entry is only available in <a href=\"https:\/\/aginova.ufms.br\/pb\/wp-json\/wp\/v2\/pages\/3287\" class=\"qtranxs-available-language-link qtranxs-available-language-link-pb\" title=\"Portugu\u00eas do Brasil\">Portugu\u00eas do Brasil<\/a>.<\/p>","protected":false},"excerpt":{"rendered":"<p>Sorry, this entry is only available in Portugu\u00eas do Brasil.<\/p>\n","protected":false},"author":47,"featured_media":0,"parent":12088,"menu_order":5,"comment_status":"closed","ping_status":"closed","template":"page-templates\/page-coordenadorias.php","meta":{"ngg_post_thumbnail":0,"footnotes":""},"coauthors":[268],"class_list":["post-3287","page","type-page","status-publish","hentry"],"_links":{"self":[{"href":"https:\/\/aginova.ufms.br\/en\/wp-json\/wp\/v2\/pages\/3287","targetHints":{"allow":["GET"]}}],"collection":[{"href":"https:\/\/aginova.ufms.br\/en\/wp-json\/wp\/v2\/pages"}],"about":[{"href":"https:\/\/aginova.ufms.br\/en\/wp-json\/wp\/v2\/types\/page"}],"author":[{"embeddable":true,"href":"https:\/\/aginova.ufms.br\/en\/wp-json\/wp\/v2\/users\/47"}],"replies":[{"embeddable":true,"href":"https:\/\/aginova.ufms.br\/en\/wp-json\/wp\/v2\/comments?post=3287"}],"version-history":[{"count":38,"href":"https:\/\/aginova.ufms.br\/en\/wp-json\/wp\/v2\/pages\/3287\/revisions"}],"predecessor-version":[{"id":16634,"href":"https:\/\/aginova.ufms.br\/en\/wp-json\/wp\/v2\/pages\/3287\/revisions\/16634"}],"up":[{"embeddable":true,"href":"https:\/\/aginova.ufms.br\/en\/wp-json\/wp\/v2\/pages\/12088"}],"wp:attachment":[{"href":"https:\/\/aginova.ufms.br\/en\/wp-json\/wp\/v2\/media?parent=3287"}],"wp:term":[{"taxonomy":"author","embeddable":true,"href":"https:\/\/aginova.ufms.br\/en\/wp-json\/wp\/v2\/coauthors?post=3287"}],"curies":[{"name":"wp","href":"https:\/\/api.w.org\/{rel}","templated":true}]}}