{"id":7548,"date":"2019-09-06T10:43:43","date_gmt":"2019-09-06T14:43:43","guid":{"rendered":"https:\/\/aginova.ufms.br\/?page_id=7548"},"modified":"2025-08-08T10:12:13","modified_gmt":"2025-08-08T14:12:13","slug":"comunicacao-de-invencao","status":"publish","type":"page","link":"https:\/\/aginova.ufms.br\/en\/sobre-aginova\/unidades\/sepitt\/propriedade-intelectual\/comunicacao-de-invencao\/","title":{"rendered":"(Portugu\u00eas do Brasil) Comunica\u00e7\u00e3o de Inven\u00e7\u00e3o"},"content":{"rendered":"<p class=\"qtranxs-available-languages-message qtranxs-available-languages-message-en\">Sorry, this entry is only available in <a href=\"https:\/\/aginova.ufms.br\/pb\/wp-json\/wp\/v2\/pages\/7548\" class=\"qtranxs-available-language-link qtranxs-available-language-link-pb\" title=\"Portugu\u00eas do Brasil\">Portugu\u00eas do Brasil<\/a>.<\/p>","protected":false},"excerpt":{"rendered":"<p>Sorry, this entry is only available in Portugu\u00eas do Brasil.<\/p>\n","protected":false},"author":47,"featured_media":0,"parent":3248,"menu_order":1,"comment_status":"closed","ping_status":"closed","template":"","meta":{"ngg_post_thumbnail":0,"footnotes":""},"coauthors":[268],"class_list":["post-7548","page","type-page","status-publish","hentry"],"_links":{"self":[{"href":"https:\/\/aginova.ufms.br\/en\/wp-json\/wp\/v2\/pages\/7548","targetHints":{"allow":["GET"]}}],"collection":[{"href":"https:\/\/aginova.ufms.br\/en\/wp-json\/wp\/v2\/pages"}],"about":[{"href":"https:\/\/aginova.ufms.br\/en\/wp-json\/wp\/v2\/types\/page"}],"author":[{"embeddable":true,"href":"https:\/\/aginova.ufms.br\/en\/wp-json\/wp\/v2\/users\/47"}],"replies":[{"embeddable":true,"href":"https:\/\/aginova.ufms.br\/en\/wp-json\/wp\/v2\/comments?post=7548"}],"version-history":[{"count":41,"href":"https:\/\/aginova.ufms.br\/en\/wp-json\/wp\/v2\/pages\/7548\/revisions"}],"predecessor-version":[{"id":16344,"href":"https:\/\/aginova.ufms.br\/en\/wp-json\/wp\/v2\/pages\/7548\/revisions\/16344"}],"up":[{"embeddable":true,"href":"https:\/\/aginova.ufms.br\/en\/wp-json\/wp\/v2\/pages\/3248"}],"wp:attachment":[{"href":"https:\/\/aginova.ufms.br\/en\/wp-json\/wp\/v2\/media?parent=7548"}],"wp:term":[{"taxonomy":"author","embeddable":true,"href":"https:\/\/aginova.ufms.br\/en\/wp-json\/wp\/v2\/coauthors?post=7548"}],"curies":[{"name":"wp","href":"https:\/\/api.w.org\/{rel}","templated":true}]}}