{"id":7615,"date":"2019-09-09T09:42:26","date_gmt":"2019-09-09T13:42:26","guid":{"rendered":"https:\/\/aginova.ufms.br\/?page_id=7615"},"modified":"2025-06-06T10:24:11","modified_gmt":"2025-06-06T14:24:11","slug":"solicitacao-para-registro-de-marca","status":"publish","type":"page","link":"https:\/\/aginova.ufms.br\/en\/sobre-aginova\/unidades\/sepitt\/propriedade-intelectual\/solicitacao-para-registro-de-marca\/","title":{"rendered":"(Portugu\u00eas do Brasil) Solicita\u00e7\u00e3o para Registro de Marca"},"content":{"rendered":"<p class=\"qtranxs-available-languages-message qtranxs-available-languages-message-en\">Sorry, this entry is only available in <a href=\"https:\/\/aginova.ufms.br\/pb\/wp-json\/wp\/v2\/pages\/7615\" class=\"qtranxs-available-language-link qtranxs-available-language-link-pb\" title=\"Portugu\u00eas do Brasil\">Portugu\u00eas do Brasil<\/a>.<\/p>","protected":false},"excerpt":{"rendered":"<p>Sorry, this entry is only available in Portugu\u00eas do Brasil.<\/p>\n","protected":false},"author":47,"featured_media":0,"parent":3248,"menu_order":2,"comment_status":"closed","ping_status":"closed","template":"","meta":{"ngg_post_thumbnail":0,"footnotes":""},"coauthors":[268],"class_list":["post-7615","page","type-page","status-publish","hentry"],"_links":{"self":[{"href":"https:\/\/aginova.ufms.br\/en\/wp-json\/wp\/v2\/pages\/7615","targetHints":{"allow":["GET"]}}],"collection":[{"href":"https:\/\/aginova.ufms.br\/en\/wp-json\/wp\/v2\/pages"}],"about":[{"href":"https:\/\/aginova.ufms.br\/en\/wp-json\/wp\/v2\/types\/page"}],"author":[{"embeddable":true,"href":"https:\/\/aginova.ufms.br\/en\/wp-json\/wp\/v2\/users\/47"}],"replies":[{"embeddable":true,"href":"https:\/\/aginova.ufms.br\/en\/wp-json\/wp\/v2\/comments?post=7615"}],"version-history":[{"count":10,"href":"https:\/\/aginova.ufms.br\/en\/wp-json\/wp\/v2\/pages\/7615\/revisions"}],"predecessor-version":[{"id":16030,"href":"https:\/\/aginova.ufms.br\/en\/wp-json\/wp\/v2\/pages\/7615\/revisions\/16030"}],"up":[{"embeddable":true,"href":"https:\/\/aginova.ufms.br\/en\/wp-json\/wp\/v2\/pages\/3248"}],"wp:attachment":[{"href":"https:\/\/aginova.ufms.br\/en\/wp-json\/wp\/v2\/media?parent=7615"}],"wp:term":[{"taxonomy":"author","embeddable":true,"href":"https:\/\/aginova.ufms.br\/en\/wp-json\/wp\/v2\/coauthors?post=7615"}],"curies":[{"name":"wp","href":"https:\/\/api.w.org\/{rel}","templated":true}]}}