{"id":7761,"date":"2019-10-14T09:37:09","date_gmt":"2019-10-14T13:37:09","guid":{"rendered":"https:\/\/aginova.ufms.br\/?page_id=7761"},"modified":"2024-03-08T10:18:51","modified_gmt":"2024-03-08T14:18:51","slug":"programa-intercambio-de-estudantes-brasil-colombia-bracol-2","status":"publish","type":"page","link":"https:\/\/aginova.ufms.br\/en\/sobre-aginova\/unidades\/relacoes-internacionais\/programa-intercambio-de-estudantes-brasil-colombia-bracol-2\/","title":{"rendered":"(Portugu\u00eas do Brasil) Programa Interc\u00e2mbio de Estudantes Brasil-Col\u00f4mbia \u2013 BRACOL"},"content":{"rendered":"<p class=\"qtranxs-available-languages-message qtranxs-available-languages-message-en\">Sorry, this entry is only available in <a href=\"https:\/\/aginova.ufms.br\/pb\/wp-json\/wp\/v2\/pages\/7761\" class=\"qtranxs-available-language-link qtranxs-available-language-link-pb\" title=\"Portugu\u00eas do Brasil\">Portugu\u00eas do Brasil<\/a>.<\/p>","protected":false},"excerpt":{"rendered":"<p>Sorry, this entry is only available in Portugu\u00eas do Brasil.<\/p>\n","protected":false},"author":34827,"featured_media":0,"parent":5,"menu_order":0,"comment_status":"closed","ping_status":"closed","template":"page-templates\/page-coordenadorias.php","meta":{"ngg_post_thumbnail":0,"footnotes":""},"coauthors":[],"class_list":["post-7761","page","type-page","status-publish","hentry"],"_links":{"self":[{"href":"https:\/\/aginova.ufms.br\/en\/wp-json\/wp\/v2\/pages\/7761","targetHints":{"allow":["GET"]}}],"collection":[{"href":"https:\/\/aginova.ufms.br\/en\/wp-json\/wp\/v2\/pages"}],"about":[{"href":"https:\/\/aginova.ufms.br\/en\/wp-json\/wp\/v2\/types\/page"}],"author":[{"embeddable":true,"href":"https:\/\/aginova.ufms.br\/en\/wp-json\/wp\/v2\/users\/34827"}],"replies":[{"embeddable":true,"href":"https:\/\/aginova.ufms.br\/en\/wp-json\/wp\/v2\/comments?post=7761"}],"version-history":[{"count":6,"href":"https:\/\/aginova.ufms.br\/en\/wp-json\/wp\/v2\/pages\/7761\/revisions"}],"predecessor-version":[{"id":7843,"href":"https:\/\/aginova.ufms.br\/en\/wp-json\/wp\/v2\/pages\/7761\/revisions\/7843"}],"up":[{"embeddable":true,"href":"https:\/\/aginova.ufms.br\/en\/wp-json\/wp\/v2\/pages\/5"}],"wp:attachment":[{"href":"https:\/\/aginova.ufms.br\/en\/wp-json\/wp\/v2\/media?parent=7761"}],"wp:term":[{"taxonomy":"author","embeddable":true,"href":"https:\/\/aginova.ufms.br\/en\/wp-json\/wp\/v2\/coauthors?post=7761"}],"curies":[{"name":"wp","href":"https:\/\/api.w.org\/{rel}","templated":true}]}}